{"id":938,"date":"2020-05-11T23:58:43","date_gmt":"2020-05-11T21:58:43","guid":{"rendered":"http:\/\/www.samskaras.com\/?page_id=938"},"modified":"2020-12-06T17:53:08","modified_gmt":"2020-12-06T15:53:08","slug":"what-are-samskaras","status":"publish","type":"page","link":"https:\/\/www.samskaras.com\/en\/what-are-samskaras\/","title":{"rendered":"What are Sa\u1e41sk\u0101ras?"},"content":{"rendered":"\t\t<div data-elementor-type=\"wp-page\" data-elementor-id=\"938\" class=\"elementor elementor-938 elementor-72\" data-elementor-post-type=\"page\">\n\t\t\t\t\t\t<section class=\"elementor-section elementor-top-section elementor-element elementor-element-43fff72 elementor-hidden-tablet elementor-hidden-phone elementor-section-boxed elementor-section-height-default elementor-section-height-default\" data-id=\"43fff72\" data-element_type=\"section\" data-e-type=\"section\">\n\t\t\t\t\t\t<div class=\"elementor-container elementor-column-gap-default\">\n\t\t\t\t\t<div class=\"elementor-column elementor-col-50 elementor-top-column elementor-element elementor-element-6a15653\" data-id=\"6a15653\" data-element_type=\"column\" data-e-type=\"column\">\n\t\t\t<div class=\"elementor-widget-wrap\">\n\t\t\t\t\t\t\t<\/div>\n\t\t<\/div>\n\t\t\t\t<div class=\"elementor-column elementor-col-50 elementor-top-column elementor-element elementor-element-b579c2d\" data-id=\"b579c2d\" data-element_type=\"column\" data-e-type=\"column\">\n\t\t\t<div class=\"elementor-widget-wrap elementor-element-populated\">\n\t\t\t\t\t\t<div class=\"elementor-element elementor-element-82b99a4 elementor-widget elementor-widget-spacer\" data-id=\"82b99a4\" data-element_type=\"widget\" data-e-type=\"widget\" data-widget_type=\"spacer.default\">\n\t\t\t\t<div class=\"elementor-widget-container\">\n\t\t\t\t\t\t\t<div class=\"elementor-spacer\">\n\t\t\t<div class=\"elementor-spacer-inner\"><\/div>\n\t\t<\/div>\n\t\t\t\t\t\t<\/div>\n\t\t\t\t<\/div>\n\t\t\t\t\t<\/div>\n\t\t<\/div>\n\t\t\t\t\t<\/div>\n\t\t<\/section>\n\t\t\t\t<section class=\"elementor-section elementor-top-section elementor-element elementor-element-fa83025 elementor-section-boxed elementor-section-height-default elementor-section-height-default\" data-id=\"fa83025\" data-element_type=\"section\" data-e-type=\"section\" data-settings=\"{&quot;background_background&quot;:&quot;classic&quot;}\">\n\t\t\t\t\t\t<div class=\"elementor-container elementor-column-gap-default\">\n\t\t\t\t\t<div class=\"elementor-column elementor-col-100 elementor-top-column elementor-element elementor-element-77585d7\" data-id=\"77585d7\" data-element_type=\"column\" data-e-type=\"column\">\n\t\t\t<div class=\"elementor-widget-wrap elementor-element-populated\">\n\t\t\t\t\t\t<div class=\"elementor-element elementor-element-9935ccc elementor-widget elementor-widget-heading\" data-id=\"9935ccc\" data-element_type=\"widget\" data-e-type=\"widget\" data-widget_type=\"heading.default\">\n\t\t\t\t<div class=\"elementor-widget-container\">\n\t\t\t\t\t<h4 class=\"elementor-heading-title elementor-size-default\">What are Sa\u1e41sk\u0101ras?<\/h4>\t\t\t\t<\/div>\n\t\t\t\t<\/div>\n\t\t\t\t\t<\/div>\n\t\t<\/div>\n\t\t\t\t\t<\/div>\n\t\t<\/section>\n\t\t\t\t<section class=\"elementor-section elementor-top-section elementor-element elementor-element-28211650 elementor-section-boxed elementor-section-height-default elementor-section-height-default\" data-id=\"28211650\" data-element_type=\"section\" data-e-type=\"section\" data-settings=\"{&quot;background_background&quot;:&quot;classic&quot;}\">\n\t\t\t\t\t\t<div class=\"elementor-container elementor-column-gap-default\">\n\t\t\t\t\t<div class=\"elementor-column elementor-col-100 elementor-top-column elementor-element elementor-element-79803ebc\" data-id=\"79803ebc\" data-element_type=\"column\" data-e-type=\"column\">\n\t\t\t<div class=\"elementor-widget-wrap elementor-element-populated\">\n\t\t\t\t\t\t<div class=\"elementor-element elementor-element-3b2fae85 elementor-widget elementor-widget-text-editor\" data-id=\"3b2fae85\" data-element_type=\"widget\" data-e-type=\"widget\" data-widget_type=\"text-editor.default\">\n\t\t\t\t<div class=\"elementor-widget-container\">\n\t\t\t\t\t\t\t\t\t<p>Every faith has its rites and rituals to support the divine thought behind and to help us one along the journey of life.<br \/>We flutter like \u201cthe candle in the wind\u201d during our stay on this earth until we reach the Lord\u2019s abode. Vedic Dharma (Hinduism) has a most beautiful set of <strong>40 SAMSKARAS<\/strong> for our spiritual welfare from the time of conception to the final moment at the end of this life on the earth. These samskaras form the core of a vedic lifestyle.<br \/>These are rites performed to help the human being to purify their body and mind in \u201cseen and unseen ways.\u201d The seen aspect is the creation of a shining new object by removing dirt and grime from a tarnished object with detergents. The unseen aspect, according to one teacher is that the Samskaras are like the sanctification of the water by \u201ccharging\u201d it with special Veda mantras in the shanti rites (ritual for peace and happiness).<br \/>There is a proper age and time in human life to perform these Samskaras. If that is followed, it is believed that the effects (benefits) of the samskaras are the greatest. Out of compassion for us, the vedic scriptures give us \u201csubstitute periods (kaalAs)\u201d, if one misses the appropriate time recommended by the Sasthras.<br \/>The minimum number of Samskaras to be observed by men and women vary. Also some may refer to the teachers line and follow thier instructions (for example Gaudiya Vaishnavas follow only 10 samskaras). Manu, Gautama, Apasthambha, Yajnavalkya and other vedic saints have written extensively on these samskaras and the proper procedure to perform them to gain maximum seen and unseen benefits. Great Teachers of different lines like the Ahobilam Jeeyars have written extensively and have left great written works.<br \/><br \/><\/p><h5><strong>What is a Samskara?<\/strong><\/h5><p>According to the Tarka sasthra (science of dialectics, logic and reasoning), the word Samskara is defined as \u201can impression on the memory\u201d. Steady practise of scriptural injunctions establishes firm tracks in the memory so that the practitioner does not fall from the correct path. According to another definition, Samskara means \u201cbetterment\u201d (Sams) of a thing (kaaram). The cleansing process set in motion by the observance of Samskaras leads to the betterment of life and qualifies a person for spiritual upliftment.<\/p><h5><strong>SAMSKARA &amp; THE ATMA GUNAS<\/strong><\/h5><p>The practice of Samskaras develop eight auspicious gunas (attributes) that help to remove the samsaric ills caused by the sensory attachments. Since these gunas have an impact on the soul, they are described as Atma Gunas (good qualities of the soul).<br \/>A steady practice of the samskaras leading to the acquisition of the Atma gunas helps a person to attain the state of \u201cakhanda atma anubhavam \u2013 self realization\u201d, the supreme experience exemplified by the Vedas.<\/p><h5><strong>THE EIGHT ATMA GUNAS<\/strong><\/h5><p>The names of the eight atma gunas are worthy of being commented upon:<br \/>1. DAYA or universal compassion and love for all living beings<br \/>2. KSHANTHI or tolerance of ill-wishers<br \/>3. ANUSUYAI or freedom from jealousy or rancor<br \/>4. SAUCHAM or body cleanliness<br \/>5. ANAYASAM or relaxed state characterized by relaxed mood of the practitioner and his relationship with others<br \/>6. MANGALAM or inner happiness radiating as harmonious conduct<br \/>7. AKARPANYAM or generosity of spirit and time<br \/>8. ASPRUHAM or detached state of mind arising from a dispassionate nature<\/p><h5><strong>NISHEKATHI SMASANANTHA SAMSKARAS<\/strong><\/h5><p>The samskaras cover the life span from the time of formation (conception) of the embryo (nishEkam) to the time of cremation in the burning ghat (smasanam). Agni-Fire is an indispensable part of the samskaras that cover the entire span of one\u2019s life. Agni is therefore saluted as a witness to the samskaras. Even cremation is considered as an offering of the ghee-smeared body to Agni as the ultimate offering.<\/p><p><strong>PLACE AND TIME FOR SAMSKAARAAS<\/strong><br \/>Some of the samskaras are not time consuming, whereas the others are elaborate and require continuous performance over many days. Some of the samskaras are done at home, whereas the others need a spacious site as well as extensive time for the collection of the required utensils representing the body of Yajna Varaha Murthy, ingredients (samagris) and helpers (rthviks).<br \/>A number of samskaras Aupasana homa, Agnihotra and the Pancha Maha Yajnas have to be performed daily. Two other samskaras: Darsha Purna Masa and Sthalipaka; have to be practiced twice a month. Parvani shraddha has to be conducted once a month. Rest of the samskaras have to be performed once a year or atleast once in one\u2019s life time.<\/p><h5><strong>CLASSIFICATIONS OF THE SAMSKARAS<\/strong><\/h5><p>The forty samskaras can be split into the following six categories:<br \/>1. a set of seven starting from Garbhadhana to Chudakrama (conception of the baby up to the first haircut)<br \/>2. Another set of seven starting from Upanayana to Vivaha (the Gayatri Mantra and Upavitra given ceremony up to Marriage)<br \/>3. A group of five Yajnas known as Pancha Maha Yajnas<br \/>4. A set of seven Paka Yajnas<br \/>5. A group of seven Havir Yajnas<br \/>6. Another group of seven Soma Yajnas<\/p><p>In general most of the 40 samskaras are exstinct and only practised by very orthodox people. But everyone can follow the 10 main Samskaras, which are most important to form the consciousness of the marriage and later on the descendant (children) in particular.<\/p><h5><strong>The twelfth Major SAMSKARAS<\/strong><\/h5><p>1.\u00a0 Viv\u00e0ha Karma: Marriage<\/p><p>2.\u00a0 Garbh\u00e0dh\u00e0nam: Impregnation (sub divisions for predelivery samskaras for the unborn and family)<\/p><p>Pumsavana: Rite for healthy child<\/p><p>Simantonnayanam: Protection for the wife and the unborn<\/p><p>Sosyanti Homa: Rite for safe delivery<\/p><p>3. J\u00e0ta Karma: Birth ceremony<\/p><p>4.\u00a0 Niskr\u00e0manam: Taking the child outside for the first time<\/p><p>5. N\u00e0ma Karana: Name-giving ceremony<\/p><p>6. Paustika Karma: Ceremony for continued health of the child<\/p><p>7. Anna Pr\u00e0sana: First grains ceremony<\/p><p>Putra M\u00e2rdh\u00e0bhighr\u00e0nam: Smelling the child\u2019s head<\/p><p>8. Cud\u00e0 Karanam: Hair-cutting ceremony<\/p><p>9. Upanayanam: Reformatory rites of a learned person (brahma upadesha)<\/p><p>10. Sam\u00e0vartana: Graduation ceremony<\/p><p>Additional: Karnavedha: Piercing the ears<\/p><p>Vidy\u00e0rambha: Beginning education<\/p>\t\t\t\t\t\t\t\t<\/div>\n\t\t\t\t<\/div>\n\t\t\t\t\t<\/div>\n\t\t<\/div>\n\t\t\t\t\t<\/div>\n\t\t<\/section>\n\t\t\t\t<\/div>\n\t\t","protected":false},"excerpt":{"rendered":"<p>What are Sa\u1e41sk\u0101ras? Every faith has its rites and rituals to support the divine thought behind and to help us one along the journey of life.We flutter like \u201cthe candle in the wind\u201d during our stay on this earth until we reach the Lord\u2019s abode. Vedic Dharma (Hinduism) has a most beautiful set of 40 [&hellip;]<\/p>\n","protected":false},"author":2,"featured_media":0,"parent":0,"menu_order":2,"comment_status":"closed","ping_status":"open","template":"elementor_header_footer","meta":{"site-sidebar-layout":"no-sidebar","site-content-layout":"default","ast-site-content-layout":"default","site-content-style":"default","site-sidebar-style":"default","ast-global-header-display":"","ast-banner-title-visibility":"","ast-main-header-display":"","ast-hfb-above-header-display":"","ast-hfb-below-header-display":"","ast-hfb-mobile-header-display":"","site-post-title":"disabled","ast-breadcrumbs-content":"","ast-featured-img":"","footer-sml-layout":"","ast-disable-related-posts":"","theme-transparent-header-meta":"default","adv-header-id-meta":"","stick-header-meta":"default","header-above-stick-meta":"","header-main-stick-meta":"","header-below-stick-meta":"","astra-migrate-meta-layouts":"default","ast-page-background-enabled":"default","ast-page-background-meta":{"desktop":{"background-color":"","background-image":"","background-repeat":"repeat","background-position":"center center","background-size":"auto","background-attachment":"scroll","background-type":"","background-media":"","overlay-type":"","overlay-color":"","overlay-opacity":"","overlay-gradient":""},"tablet":{"background-color":"","background-image":"","background-repeat":"repeat","background-position":"center center","background-size":"auto","background-attachment":"scroll","background-type":"","background-media":"","overlay-type":"","overlay-color":"","overlay-opacity":"","overlay-gradient":""},"mobile":{"background-color":"","background-image":"","background-repeat":"repeat","background-position":"center center","background-size":"auto","background-attachment":"scroll","background-type":"","background-media":"","overlay-type":"","overlay-color":"","overlay-opacity":"","overlay-gradient":""}},"ast-content-background-meta":{"desktop":{"background-color":"var(--ast-global-color-5)","background-image":"","background-repeat":"repeat","background-position":"center center","background-size":"auto","background-attachment":"scroll","background-type":"","background-media":"","overlay-type":"","overlay-color":"","overlay-opacity":"","overlay-gradient":""},"tablet":{"background-color":"var(--ast-global-color-5)","background-image":"","background-repeat":"repeat","background-position":"center center","background-size":"auto","background-attachment":"scroll","background-type":"","background-media":"","overlay-type":"","overlay-color":"","overlay-opacity":"","overlay-gradient":""},"mobile":{"background-color":"var(--ast-global-color-5)","background-image":"","background-repeat":"repeat","background-position":"center center","background-size":"auto","background-attachment":"scroll","background-type":"","background-media":"","overlay-type":"","overlay-color":"","overlay-opacity":"","overlay-gradient":""}},"footnotes":""},"class_list":["post-938","page","type-page","status-publish","hentry"],"_links":{"self":[{"href":"https:\/\/www.samskaras.com\/en\/wp-json\/wp\/v2\/pages\/938","targetHints":{"allow":["GET"]}}],"collection":[{"href":"https:\/\/www.samskaras.com\/en\/wp-json\/wp\/v2\/pages"}],"about":[{"href":"https:\/\/www.samskaras.com\/en\/wp-json\/wp\/v2\/types\/page"}],"author":[{"embeddable":true,"href":"https:\/\/www.samskaras.com\/en\/wp-json\/wp\/v2\/users\/2"}],"replies":[{"embeddable":true,"href":"https:\/\/www.samskaras.com\/en\/wp-json\/wp\/v2\/comments?post=938"}],"version-history":[{"count":0,"href":"https:\/\/www.samskaras.com\/en\/wp-json\/wp\/v2\/pages\/938\/revisions"}],"wp:attachment":[{"href":"https:\/\/www.samskaras.com\/en\/wp-json\/wp\/v2\/media?parent=938"}],"curies":[{"name":"wp","href":"https:\/\/api.w.org\/{rel}","templated":true}]}}